{"id":812,"date":"2018-12-26T16:54:49","date_gmt":"2018-12-26T15:54:49","guid":{"rendered":"https:\/\/www.dl0mfk.de\/?page_id=812"},"modified":"2018-12-26T21:02:48","modified_gmt":"2018-12-26T20:02:48","slug":"in-memoriam-peter-pilling-sk-may-2006","status":"publish","type":"page","link":"https:\/\/www.dl0mfk.de\/?page_id=812","title":{"rendered":"In memoriam: Peter Pilling &#8211;  sk  May 2006"},"content":{"rendered":"<p><a href=\"https:\/\/www.dl0mfk.de\/wp-content\/uploads\/2018\/12\/pilling_sk.jpg\" rel=\"lightbox[812]\"><img fetchpriority=\"high\" decoding=\"async\" class=\"alignnone wp-image-825\" src=\"https:\/\/www.dl0mfk.de\/wp-content\/uploads\/2018\/12\/pilling_sk.jpg\" alt=\"\" width=\"410\" height=\"712\" srcset=\"https:\/\/www.dl0mfk.de\/wp-content\/uploads\/2018\/12\/pilling_sk.jpg 500w, https:\/\/www.dl0mfk.de\/wp-content\/uploads\/2018\/12\/pilling_sk-173x300.jpg 173w\" sizes=\"(max-width: 410px) 100vw, 410px\" \/><\/a><\/p>\n<p>Peter Pilling hatte den Karniner Lotsenturm f\u00fcr mehr als 20 Jahre gepachtet. Seit dieser Zeit verbrachte er die Sommermonate hier auf der Insel Usedom and ging seinen Hobbies nach: Jagen, Fliegen, Segel.<br \/>\nIn fr\u00fcheren Jahren schrieb er einige B\u00fccher \u00fcber Kfz.-Elektrik, zum Beispiel:<\/p>\n<p><a href=\"https:\/\/www.dl0mfk.de\/wp-content\/uploads\/2018\/12\/pilling_book_50.jpg\" rel=\"lightbox[812]\"><img decoding=\"async\" class=\"alignnone wp-image-813\" src=\"https:\/\/www.dl0mfk.de\/wp-content\/uploads\/2018\/12\/pilling_book_50.jpg\" alt=\"\" width=\"410\" height=\"621\" srcset=\"https:\/\/www.dl0mfk.de\/wp-content\/uploads\/2018\/12\/pilling_book_50.jpg 419w, https:\/\/www.dl0mfk.de\/wp-content\/uploads\/2018\/12\/pilling_book_50-198x300.jpg 198w\" sizes=\"(max-width: 410px) 100vw, 410px\" \/><\/a><\/p>\n<p>Vielen dank an Herrn Pilling f\u00fcr sein \u00fcberaus gro\u00dfes Verst\u00e4ndnis f\u00fcr unser &#8222;verr\u00fccktes&#8220; Hobby. Unsere j\u00e4hrlichen Aktivit\u00e4ten am Lotsenturm w\u00e4ren ohne seine gro\u00dfe Unterst\u00fctzung nicht m\u00f6glich gewesen.<\/p>\n<p>Leider verlor er im Mai 2006 den Kampf gegen eine heimt\u00fcckische Krankheit.<\/p>\n<p>Vielen Dank an Peter Pilling f\u00fcr alles, was er f\u00fcr unser Team getan hat. Unsere tiefste Anteilnahme gilt seiner Familie und seinen Freunden. Wir werden sein Andenken bewahren, und immer, wenn wir in Karnin sind, ist er im Geiste bei uns.<\/p>\n","protected":false},"excerpt":{"rendered":"<p>Peter Pilling hatte den Karniner Lotsenturm f\u00fcr mehr als 20 Jahre gepachtet. Seit dieser Zeit verbrachte er die Sommermonate hier auf der Insel Usedom and ging seinen Hobbies nach: Jagen, Fliegen, Segel. In fr\u00fcheren Jahren schrieb er einige B\u00fccher \u00fcber Kfz.-Elektrik, zum Beispiel: Vielen dank an Herrn Pilling f\u00fcr sein \u00fcberaus gro\u00dfes Verst\u00e4ndnis f\u00fcr unser &hellip; <\/p>\n<p class=\"link-more\"><a href=\"https:\/\/www.dl0mfk.de\/?page_id=812\" class=\"more-link\"><span class=\"screen-reader-text\">\u201eIn memoriam: Peter Pilling &#8211;  sk  May 2006\u201c<\/span> weiterlesen<\/a><\/p>\n","protected":false},"author":1,"featured_media":0,"parent":0,"menu_order":0,"comment_status":"closed","ping_status":"closed","template":"","meta":{"footnotes":""},"class_list":["post-812","page","type-page","status-publish","hentry"],"_links":{"self":[{"href":"https:\/\/www.dl0mfk.de\/index.php?rest_route=\/wp\/v2\/pages\/812","targetHints":{"allow":["GET"]}}],"collection":[{"href":"https:\/\/www.dl0mfk.de\/index.php?rest_route=\/wp\/v2\/pages"}],"about":[{"href":"https:\/\/www.dl0mfk.de\/index.php?rest_route=\/wp\/v2\/types\/page"}],"author":[{"embeddable":true,"href":"https:\/\/www.dl0mfk.de\/index.php?rest_route=\/wp\/v2\/users\/1"}],"replies":[{"embeddable":true,"href":"https:\/\/www.dl0mfk.de\/index.php?rest_route=%2Fwp%2Fv2%2Fcomments&post=812"}],"version-history":[{"count":4,"href":"https:\/\/www.dl0mfk.de\/index.php?rest_route=\/wp\/v2\/pages\/812\/revisions"}],"predecessor-version":[{"id":828,"href":"https:\/\/www.dl0mfk.de\/index.php?rest_route=\/wp\/v2\/pages\/812\/revisions\/828"}],"wp:attachment":[{"href":"https:\/\/www.dl0mfk.de\/index.php?rest_route=%2Fwp%2Fv2%2Fmedia&parent=812"}],"curies":[{"name":"wp","href":"https:\/\/api.w.org\/{rel}","templated":true}]}}